{"id":16340,"date":"2024-06-12T01:01:29","date_gmt":"2024-06-12T00:01:29","guid":{"rendered":"https:\/\/petuniversal.com\/vale-da-incubacao\/"},"modified":"2024-06-12T01:01:34","modified_gmt":"2024-06-12T00:01:34","slug":"vale-da-incubacao","status":"publish","type":"page","link":"https:\/\/petuniversal.com\/pt-pt\/vale-da-incubacao\/","title":{"rendered":"Vale da Incuba\u00e7\u00e3o"},"content":{"rendered":"[spb_row element_name=&#8221;Row&#8221; wrap_type=&#8221;standard-width&#8221; row_bg_type=&#8221;color&#8221; color_row_height=&#8221;content-height&#8221; bg_type=&#8221;cover&#8221; parallax_image_height=&#8221;content-height&#8221; parallax_image_movement=&#8221;fixed&#8221; parallax_image_speed=&#8221;standard&#8221; bg_video_loop=&#8221;yes&#8221; parallax_video_height=&#8221;window-height&#8221; row_top_style=&#8221;none&#8221; row_bottom_style=&#8221;none&#8221; parallax_video_overlay=&#8221;none&#8221; row_overlay_opacity=&#8221;0&#8243; remove_element_spacing=&#8221;no&#8221; row_col_spacing=&#8221;0&#8243; row_col_pos=&#8221;default&#8221; row_col_equal_heights=&#8221;no&#8221; row_expanding=&#8221;no&#8221; row_animation=&#8221;none&#8221; row_animation_delay=&#8221;0&#8243; minimize_row=&#8221;yes&#8221; simplified_controls=&#8221;yes&#8221; custom_css_percentage=&#8221;no&#8221; custom_css=&#8221;margin-top: 20px;margin-bottom: 20px;&#8221; border_styling_global=&#8221;default&#8221; width=&#8221;1\/1&#8243; el_position=&#8221;first last&#8221;] [spb_image_banner image=&#8221;1418&#8243; image_size=&#8221;full&#8221; content_pos=&#8221;left&#8221; content_textalign=&#8221;left&#8221; animation=&#8221;none&#8221; animation_delay=&#8221;200&#8243; link_target=&#8221;_self&#8221; width=&#8221;1\/1&#8243; el_position=&#8221;first last&#8221;][\/spb_image_banner] [\/spb_row] [spb_row element_name=&#8221;Row&#8221; wrap_type=&#8221;content-width&#8221; parallax_image_height=&#8221;content-height&#8221; parallax_image_movement=&#8221;fixed&#8221; parallax_image_speed=&#8221;0.5&#8243; bg_video_loop=&#8221;yes&#8221; parallax_video_height=&#8221;window-height&#8221; parallax_video_overlay=&#8221;none&#8221; row_overlay_opacity=&#8221;0&#8243; row_col_pos=&#8221;default&#8221; minimize_row=&#8221;yes&#8221; width=&#8221;1\/1&#8243; el_position=&#8221;first last&#8221;] [spb_column col_sm=&#8221;4&#8243; padding_horizontal=&#8221;0&#8243; width=&#8221;1\/3&#8243; el_position=&#8221;first&#8221;] [spb_boxed_content type=&#8221;coloured&#8221; box_link_target=&#8221;_self&#8221; padding_vertical=&#8221;0&#8243; padding_horizontal=&#8221;0&#8243; width=&#8221;1\/1&#8243; el_position=&#8221;first last&#8221;]\n<h2 style=\"text-align: right;\">Designa\u00e7\u00e3o do projeto:<\/h2>\n[\/spb_boxed_content] [\/spb_column] [spb_column col_animation=&#8221;none&#8221; col_animation_delay=&#8221;0&#8243; col_bg_type=&#8221;cover&#8221; col_parallax_image_movement=&#8221;fixed&#8221; col_parallax_image_speed=&#8221;0.5&#8243; col_padding=&#8221;0&#8243; col_vertical_offset=&#8221;0&#8243; col_horizontal_offset=&#8221;0&#8243; col_custom_zindex=&#8221;0&#8243; col_sm=&#8221;8&#8243; simplified_controls=&#8221;yes&#8221; custom_css_percentage=&#8221;no&#8221; padding_vertical=&#8221;400&#8243; padding_horizontal=&#8221;0&#8243; margin_vertical=&#8221;10&#8243; custom_css=&#8221;margin-top: 10px;margin-bottom: 10px;&#8221; border_styling_global=&#8221;default&#8221; width=&#8221;2\/3&#8243; el_position=&#8221;last&#8221;] [spb_boxed_content type=&#8221;coloured&#8221; custom_text_colour=&#8221;#000000&#8243; box_link_target=&#8221;_self&#8221; padding_vertical=&#8221;0&#8243; padding_horizontal=&#8221;0&#8243; width=&#8221;1\/1&#8243; el_position=&#8221;first last&#8221;]\n<h3><span style=\"color: #333333;\">Empreendedorismo Qualificado e Criativo &#8211; Vale Incuba\u00e7\u00e3o<\/span><\/h3>\n[\/spb_boxed_content] [\/spb_column] [spb_column col_sm=&#8221;4&#8243; padding_horizontal=&#8221;0&#8243; width=&#8221;1\/3&#8243; el_position=&#8221;first&#8221;] [spb_boxed_content type=&#8221;coloured&#8221; box_link_target=&#8221;_self&#8221; padding_vertical=&#8221;0&#8243; padding_horizontal=&#8221;0&#8243; width=&#8221;1\/1&#8243; el_position=&#8221;first last&#8221;]\n<h2 style=\"text-align: right;\">C\u00f3digo do projeto:<\/h2>\n[\/spb_boxed_content] [\/spb_column] [spb_column col_animation=&#8221;none&#8221; col_animation_delay=&#8221;0&#8243; col_bg_type=&#8221;cover&#8221; col_parallax_image_movement=&#8221;fixed&#8221; col_parallax_image_speed=&#8221;0.5&#8243; col_padding=&#8221;0&#8243; col_vertical_offset=&#8221;0&#8243; col_horizontal_offset=&#8221;0&#8243; col_custom_zindex=&#8221;0&#8243; col_sm=&#8221;8&#8243; simplified_controls=&#8221;yes&#8221; custom_css_percentage=&#8221;no&#8221; padding_vertical=&#8221;400&#8243; padding_horizontal=&#8221;0&#8243; margin_vertical=&#8221;10&#8243; custom_css=&#8221;margin-top: 10px;margin-bottom: 10px;&#8221; border_styling_global=&#8221;default&#8221; width=&#8221;2\/3&#8243; el_position=&#8221;last&#8221;] [spb_boxed_content type=&#8221;coloured&#8221; custom_text_colour=&#8221;#000000&#8243; box_link_target=&#8221;_self&#8221; padding_vertical=&#8221;0&#8243; padding_horizontal=&#8221;0&#8243; width=&#8221;1\/1&#8243; el_position=&#8221;first last&#8221;]\n<h3 style=\"color: #333333;\">CENTRO-02-0651-FEDER-026337<\/h3>\n[\/spb_boxed_content] [\/spb_column] [spb_column col_sm=&#8221;4&#8243; padding_horizontal=&#8221;0&#8243; width=&#8221;1\/3&#8243; el_position=&#8221;first&#8221;] [spb_boxed_content type=&#8221;coloured&#8221; box_link_target=&#8221;_self&#8221; padding_vertical=&#8221;0&#8243; padding_horizontal=&#8221;0&#8243; width=&#8221;1\/1&#8243; el_position=&#8221;first last&#8221;]\n<h2 style=\"text-align: right;\">Objetivo principal:<\/h2>\n[\/spb_boxed_content] [\/spb_column] [spb_column col_animation=&#8221;none&#8221; col_animation_delay=&#8221;0&#8243; col_bg_type=&#8221;cover&#8221; col_parallax_image_movement=&#8221;fixed&#8221; col_parallax_image_speed=&#8221;0.5&#8243; col_padding=&#8221;0&#8243; col_vertical_offset=&#8221;0&#8243; col_horizontal_offset=&#8221;0&#8243; col_custom_zindex=&#8221;0&#8243; col_sm=&#8221;8&#8243; simplified_controls=&#8221;yes&#8221; custom_css_percentage=&#8221;no&#8221; padding_vertical=&#8221;400&#8243; padding_horizontal=&#8221;0&#8243; margin_vertical=&#8221;10&#8243; custom_css=&#8221;margin-top: 10px;margin-bottom: 10px;&#8221; border_styling_global=&#8221;default&#8221; width=&#8221;2\/3&#8243; el_position=&#8221;last&#8221;] [spb_boxed_content type=&#8221;coloured&#8221; custom_text_colour=&#8221;#000000&#8243; box_link_target=&#8221;_self&#8221; padding_vertical=&#8221;0&#8243; padding_horizontal=&#8221;0&#8243; width=&#8221;1\/1&#8243; el_position=&#8221;first last&#8221;]\n<h3 style=\"color: #333333;\">Ser o principal player do mercado de desenvolvimento de solu\u00e7\u00f5es para a gest\u00e3o hospitalar veterin\u00e1ria e um parceiro de excel\u00eancia para os seus clientes.<\/h3>\n[\/spb_boxed_content] [\/spb_column] [spb_column col_sm=&#8221;4&#8243; padding_horizontal=&#8221;0&#8243; width=&#8221;1\/3&#8243; el_position=&#8221;first&#8221;] [spb_boxed_content type=&#8221;coloured&#8221; box_link_target=&#8221;_self&#8221; padding_vertical=&#8221;0&#8243; padding_horizontal=&#8221;0&#8243; width=&#8221;1\/1&#8243; el_position=&#8221;first last&#8221;]\n<h2 style=\"text-align: right;\">Regi\u00e3o de interven\u00e7\u00e3o:<\/h2>\n[\/spb_boxed_content] [\/spb_column] [spb_column col_animation=&#8221;none&#8221; col_animation_delay=&#8221;0&#8243; col_bg_type=&#8221;cover&#8221; col_parallax_image_movement=&#8221;fixed&#8221; col_parallax_image_speed=&#8221;0.5&#8243; col_padding=&#8221;0&#8243; col_vertical_offset=&#8221;0&#8243; col_horizontal_offset=&#8221;0&#8243; col_custom_zindex=&#8221;0&#8243; col_sm=&#8221;8&#8243; simplified_controls=&#8221;yes&#8221; custom_css_percentage=&#8221;no&#8221; padding_vertical=&#8221;400&#8243; padding_horizontal=&#8221;0&#8243; margin_vertical=&#8221;10&#8243; custom_css=&#8221;margin-top: 10px;margin-bottom: 10px;&#8221; border_styling_global=&#8221;default&#8221; width=&#8221;2\/3&#8243; el_position=&#8221;last&#8221;] [spb_boxed_content type=&#8221;coloured&#8221; custom_text_colour=&#8221;#000000&#8243; box_link_target=&#8221;_self&#8221; padding_vertical=&#8221;0&#8243; padding_horizontal=&#8221;0&#8243; width=&#8221;1\/1&#8243; el_position=&#8221;first last&#8221;]\n<h3 style=\"color: #333333;\">Centro<\/h3>\n[\/spb_boxed_content] [\/spb_column] [spb_column col_sm=&#8221;4&#8243; padding_horizontal=&#8221;0&#8243; width=&#8221;1\/3&#8243; el_position=&#8221;first&#8221;] [spb_boxed_content type=&#8221;coloured&#8221; box_link_target=&#8221;_self&#8221; padding_vertical=&#8221;0&#8243; padding_horizontal=&#8221;0&#8243; width=&#8221;1\/1&#8243; el_position=&#8221;first last&#8221;]\n<h2 style=\"text-align: right;\">Entidade benefici\u00e1ria:<\/h2>\n[\/spb_boxed_content] [\/spb_column] [spb_column col_animation=&#8221;none&#8221; col_animation_delay=&#8221;0&#8243; col_bg_type=&#8221;cover&#8221; col_parallax_image_movement=&#8221;fixed&#8221; col_parallax_image_speed=&#8221;0.5&#8243; col_padding=&#8221;0&#8243; col_vertical_offset=&#8221;0&#8243; col_horizontal_offset=&#8221;0&#8243; col_custom_zindex=&#8221;0&#8243; col_sm=&#8221;8&#8243; simplified_controls=&#8221;yes&#8221; custom_css_percentage=&#8221;no&#8221; padding_vertical=&#8221;400&#8243; padding_horizontal=&#8221;0&#8243; margin_vertical=&#8221;10&#8243; custom_css=&#8221;margin-top: 10px;margin-bottom: 10px;&#8221; border_styling_global=&#8221;default&#8221; width=&#8221;2\/3&#8243; el_position=&#8221;last&#8221;] [spb_boxed_content type=&#8221;coloured&#8221; custom_text_colour=&#8221;#000000&#8243; box_link_target=&#8221;_self&#8221; padding_vertical=&#8221;0&#8243; padding_horizontal=&#8221;0&#8243; width=&#8221;1\/1&#8243; el_position=&#8221;first last&#8221;]\n<h3 style=\"color: #333333;\">LVS Universal, Lda.<\/h3>\n[\/spb_boxed_content] [\/spb_column] [\/spb_row] [spb_row element_name=&#8221;Row&#8221; wrap_type=&#8221;full-width-contained&#8221; row_bg_type=&#8221;color&#8221; color_row_height=&#8221;content-height&#8221; bg_type=&#8221;cover&#8221; parallax_image_height=&#8221;content-height&#8221; parallax_image_movement=&#8221;fixed&#8221; parallax_image_speed=&#8221;standard&#8221; bg_video_loop=&#8221;yes&#8221; parallax_video_height=&#8221;window-height&#8221; row_top_style=&#8221;none&#8221; row_bottom_style=&#8221;none&#8221; parallax_video_overlay=&#8221;none&#8221; row_overlay_opacity=&#8221;0&#8243; remove_element_spacing=&#8221;no&#8221; row_col_spacing=&#8221;0&#8243; row_col_pos=&#8221;default&#8221; row_col_equal_heights=&#8221;no&#8221; row_expanding=&#8221;no&#8221; row_animation=&#8221;none&#8221; row_animation_delay=&#8221;0&#8243; minimize_row=&#8221;no&#8221; simplified_controls=&#8221;yes&#8221; custom_css_percentage=&#8221;no&#8221; custom_css=&#8221;margin-top: 0px;margin-bottom: 0px;&#8221; border_styling_global=&#8221;default&#8221; width=&#8221;1\/1&#8243; el_position=&#8221;first last&#8221;] [spb_column col_sm=&#8221;4&#8243; padding_horizontal=&#8221;0&#8243; width=&#8221;1\/3&#8243; el_position=&#8221;first&#8221;] [spb_boxed_content type=&#8221;coloured&#8221; box_link_target=&#8221;_self&#8221; padding_vertical=&#8221;0&#8243; padding_horizontal=&#8221;0&#8243; width=&#8221;1\/1&#8243; el_position=&#8221;first last&#8221;]\n<h2 style=\"text-align: right;\">Data de aprova\u00e7\u00e3o:<\/h2>\n[\/spb_boxed_content] [\/spb_column] [spb_column col_animation=&#8221;none&#8221; col_animation_delay=&#8221;0&#8243; col_bg_type=&#8221;cover&#8221; col_parallax_image_movement=&#8221;fixed&#8221; col_parallax_image_speed=&#8221;0.5&#8243; col_padding=&#8221;0&#8243; col_vertical_offset=&#8221;0&#8243; col_horizontal_offset=&#8221;0&#8243; col_custom_zindex=&#8221;0&#8243; col_sm=&#8221;8&#8243; simplified_controls=&#8221;yes&#8221; custom_css_percentage=&#8221;no&#8221; padding_vertical=&#8221;400&#8243; padding_horizontal=&#8221;0&#8243; margin_vertical=&#8221;10&#8243; custom_css=&#8221;margin-top: 10px;margin-bottom: 10px;&#8221; border_styling_global=&#8221;default&#8221; width=&#8221;2\/3&#8243; el_position=&#8221;last&#8221;] [spb_boxed_content type=&#8221;coloured&#8221; custom_text_colour=&#8221;#000000&#8243; box_link_target=&#8221;_self&#8221; padding_vertical=&#8221;0&#8243; padding_horizontal=&#8221;0&#8243; width=&#8221;1\/1&#8243; el_position=&#8221;first last&#8221;]\n<h3 style=\"color: #333333;\">10 de mar\u00e7o 2017<\/h3>\n[\/spb_boxed_content] [\/spb_column] [spb_column col_sm=&#8221;4&#8243; padding_horizontal=&#8221;0&#8243; width=&#8221;1\/3&#8243; el_position=&#8221;first&#8221;] [spb_boxed_content type=&#8221;coloured&#8221; box_link_target=&#8221;_self&#8221; padding_vertical=&#8221;0&#8243; padding_horizontal=&#8221;0&#8243; width=&#8221;1\/1&#8243; el_position=&#8221;first last&#8221;]\n<h2 style=\"text-align: right;\">Data de in\u00edcio:<\/h2>\n[\/spb_boxed_content] [\/spb_column] [spb_column col_animation=&#8221;none&#8221; col_animation_delay=&#8221;0&#8243; col_bg_type=&#8221;cover&#8221; col_parallax_image_movement=&#8221;fixed&#8221; col_parallax_image_speed=&#8221;0.5&#8243; col_padding=&#8221;0&#8243; col_vertical_offset=&#8221;0&#8243; col_horizontal_offset=&#8221;0&#8243; col_custom_zindex=&#8221;0&#8243; col_sm=&#8221;8&#8243; simplified_controls=&#8221;yes&#8221; custom_css_percentage=&#8221;no&#8221; padding_vertical=&#8221;400&#8243; padding_horizontal=&#8221;0&#8243; margin_vertical=&#8221;10&#8243; custom_css=&#8221;margin-top: 10px;margin-bottom: 10px;&#8221; border_styling_global=&#8221;default&#8221; width=&#8221;2\/3&#8243; el_position=&#8221;last&#8221;] [spb_boxed_content type=&#8221;coloured&#8221; custom_text_colour=&#8221;#000000&#8243; box_link_target=&#8221;_self&#8221; padding_vertical=&#8221;0&#8243; padding_horizontal=&#8221;0&#8243; width=&#8221;1\/1&#8243; el_position=&#8221;first last&#8221;]\n<h3 style=\"color: #333333;\">17 de maio 2017<\/h3>\n[\/spb_boxed_content] [\/spb_column] [spb_column col_sm=&#8221;4&#8243; padding_horizontal=&#8221;0&#8243; width=&#8221;1\/3&#8243; el_position=&#8221;first&#8221;] [spb_boxed_content type=&#8221;coloured&#8221; box_link_target=&#8221;_self&#8221; padding_vertical=&#8221;0&#8243; padding_horizontal=&#8221;0&#8243; width=&#8221;1\/1&#8243; el_position=&#8221;first last&#8221;]\n<h2 style=\"text-align: right;\">Data de conclus\u00e3o:<\/h2>\n[\/spb_boxed_content] [\/spb_column] [spb_column col_animation=&#8221;none&#8221; col_animation_delay=&#8221;0&#8243; col_bg_type=&#8221;cover&#8221; col_parallax_image_movement=&#8221;fixed&#8221; col_parallax_image_speed=&#8221;0.5&#8243; col_padding=&#8221;0&#8243; col_vertical_offset=&#8221;0&#8243; col_horizontal_offset=&#8221;0&#8243; col_custom_zindex=&#8221;0&#8243; col_sm=&#8221;8&#8243; simplified_controls=&#8221;yes&#8221; custom_css_percentage=&#8221;no&#8221; padding_vertical=&#8221;400&#8243; padding_horizontal=&#8221;0&#8243; margin_vertical=&#8221;10&#8243; custom_css=&#8221;margin-top: 10px;margin-bottom: 10px;&#8221; border_styling_global=&#8221;default&#8221; width=&#8221;2\/3&#8243; el_position=&#8221;last&#8221;] [spb_boxed_content type=&#8221;coloured&#8221; custom_text_colour=&#8221;#000000&#8243; box_link_target=&#8221;_self&#8221; padding_vertical=&#8221;0&#8243; padding_horizontal=&#8221;0&#8243; width=&#8221;1\/1&#8243; el_position=&#8221;first last&#8221;]\n<h3 style=\"color: #333333;\">16 de maio 2018<\/h3>\n[\/spb_boxed_content] [\/spb_column] [spb_column col_sm=&#8221;4&#8243; padding_horizontal=&#8221;0&#8243; width=&#8221;1\/3&#8243; el_position=&#8221;first&#8221;] [spb_boxed_content type=&#8221;coloured&#8221; box_link_target=&#8221;_self&#8221; padding_vertical=&#8221;0&#8243; padding_horizontal=&#8221;0&#8243; width=&#8221;1\/1&#8243; el_position=&#8221;first last&#8221;]\n<h2 style=\"text-align: right;\">Custo total eleg\u00edvel:<\/h2>\n[\/spb_boxed_content] [\/spb_column] [spb_column col_animation=&#8221;none&#8221; col_animation_delay=&#8221;0&#8243; col_bg_type=&#8221;cover&#8221; col_parallax_image_movement=&#8221;fixed&#8221; col_parallax_image_speed=&#8221;0.5&#8243; col_padding=&#8221;0&#8243; col_vertical_offset=&#8221;0&#8243; col_horizontal_offset=&#8221;0&#8243; col_custom_zindex=&#8221;0&#8243; col_sm=&#8221;8&#8243; simplified_controls=&#8221;yes&#8221; custom_css_percentage=&#8221;no&#8221; padding_vertical=&#8221;400&#8243; padding_horizontal=&#8221;0&#8243; margin_vertical=&#8221;10&#8243; custom_css=&#8221;margin-top: 10px;margin-bottom: 10px;&#8221; border_styling_global=&#8221;default&#8221; width=&#8221;2\/3&#8243; el_position=&#8221;last&#8221;] [spb_boxed_content type=&#8221;coloured&#8221; custom_text_colour=&#8221;#000000&#8243; box_link_target=&#8221;_self&#8221; padding_vertical=&#8221;0&#8243; padding_horizontal=&#8221;0&#8243; width=&#8221;1\/1&#8243; el_position=&#8221;first last&#8221;]\n<h3 style=\"color: #333333;\">6.675,00 EUR<\/h3>\n[\/spb_boxed_content] [\/spb_column] [spb_column col_sm=&#8221;4&#8243; padding_horizontal=&#8221;0&#8243; width=&#8221;1\/3&#8243; el_position=&#8221;first&#8221;] [spb_boxed_content type=&#8221;coloured&#8221; box_link_target=&#8221;_self&#8221; padding_vertical=&#8221;0&#8243; padding_horizontal=&#8221;0&#8243; width=&#8221;1\/1&#8243; el_position=&#8221;first last&#8221;]\n<h2 style=\"text-align: right;\">Apoio financeiro da uni\u00e3o europeia:<\/h2>\n[\/spb_boxed_content] [\/spb_column] [spb_column col_animation=&#8221;none&#8221; col_animation_delay=&#8221;0&#8243; col_bg_type=&#8221;cover&#8221; col_parallax_image_movement=&#8221;fixed&#8221; col_parallax_image_speed=&#8221;0.5&#8243; col_padding=&#8221;0&#8243; col_vertical_offset=&#8221;0&#8243; col_horizontal_offset=&#8221;0&#8243; col_custom_zindex=&#8221;0&#8243; col_sm=&#8221;8&#8243; simplified_controls=&#8221;yes&#8221; custom_css_percentage=&#8221;no&#8221; padding_vertical=&#8221;400&#8243; padding_horizontal=&#8221;0&#8243; margin_vertical=&#8221;10&#8243; custom_css=&#8221;margin-top: 10px;margin-bottom: 10px;&#8221; border_styling_global=&#8221;default&#8221; width=&#8221;2\/3&#8243; el_position=&#8221;last&#8221;] [spb_boxed_content type=&#8221;coloured&#8221; custom_text_colour=&#8221;#000000&#8243; box_link_target=&#8221;_self&#8221; padding_vertical=&#8221;0&#8243; padding_horizontal=&#8221;0&#8243; width=&#8221;1\/1&#8243; el_position=&#8221;first last&#8221;]\n<h3 style=\"color: #333333;\">FEDER &#8211; 5.000,00 EUR<\/h3>\n[\/spb_boxed_content] [\/spb_column] [\/spb_row] [spb_row element_name=&#8221;footer&#8221; wrap_type=&#8221;full-width-contained&#8221; row_bg_type=&#8221;color&#8221; row_bg_color=&#8221;#f9f9f9&#8243; color_row_height=&#8221;content-height&#8221; bg_type=&#8221;cover&#8221; parallax_image_height=&#8221;content-height&#8221; parallax_image_movement=&#8221;fixed&#8221; parallax_image_speed=&#8221;standard&#8221; bg_video_loop=&#8221;yes&#8221; parallax_video_height=&#8221;window-height&#8221; row_top_style=&#8221;none&#8221; row_bottom_style=&#8221;none&#8221; parallax_video_overlay=&#8221;none&#8221; row_overlay_opacity=&#8221;0&#8243; remove_element_spacing=&#8221;no&#8221; row_col_spacing=&#8221;0&#8243; row_col_pos=&#8221;default&#8221; row_col_equal_heights=&#8221;no&#8221; row_expanding=&#8221;no&#8221; row_animation=&#8221;none&#8221; row_animation_delay=&#8221;0&#8243; minimize_row=&#8221;no&#8221; simplified_controls=&#8221;yes&#8221; custom_css_percentage=&#8221;no&#8221; custom_css=&#8221;margin-top: 0px;margin-bottom: 0px;&#8221; border_styling_global=&#8221;default&#8221; width=&#8221;1\/1&#8243; el_position=&#8221;first last&#8221;] [spb_column col_animation=&#8221;none&#8221; col_animation_delay=&#8221;0&#8243; col_bg_type=&#8221;cover&#8221; col_parallax_image_movement=&#8221;fixed&#8221; col_parallax_image_speed=&#8221;0.5&#8243; col_padding=&#8221;0&#8243; col_vertical_offset=&#8221;0&#8243; col_horizontal_offset=&#8221;0&#8243; col_custom_zindex=&#8221;0&#8243; col_sm=&#8221;4&#8243; simplified_controls=&#8221;yes&#8221; custom_css_percentage=&#8221;no&#8221; padding_vertical=&#8221;400&#8243; padding_horizontal=&#8221;0&#8243; margin_vertical=&#8221;20&#8243; custom_css=&#8221;margin-top: 20px;margin-bottom: 20px;&#8221; border_styling_global=&#8221;default&#8221; width=&#8221;1\/3&#8243; el_position=&#8221;first&#8221;] [spb_image image=&#8221;1117&#8243; image_size=&#8221;full&#8221; frame=&#8221;noframe&#8221; caption_pos=&#8221;hover&#8221; remove_rounded=&#8221;yes&#8221; fullwidth=&#8221;no&#8221; overflow_mode=&#8221;none&#8221; link_target=&#8221;_self&#8221; lightbox=&#8221;no&#8221; intro_animation=&#8221;none&#8221; animation_delay=&#8221;200&#8243; width=&#8221;1\/1&#8243; el_position=&#8221;first last&#8221;][\/spb_image] [\/spb_column] [spb_column col_animation=&#8221;none&#8221; col_animation_delay=&#8221;0&#8243; col_bg_type=&#8221;cover&#8221; col_parallax_image_movement=&#8221;fixed&#8221; col_parallax_image_speed=&#8221;0.5&#8243; col_padding=&#8221;0&#8243; col_vertical_offset=&#8221;0&#8243; col_horizontal_offset=&#8221;0&#8243; col_custom_zindex=&#8221;0&#8243; col_sm=&#8221;4&#8243; simplified_controls=&#8221;yes&#8221; custom_css_percentage=&#8221;no&#8221; padding_vertical=&#8221;400&#8243; padding_horizontal=&#8221;0&#8243; margin_vertical=&#8221;20&#8243; custom_css=&#8221;margin-top: 20px;margin-bottom: 20px;&#8221; border_styling_global=&#8221;default&#8221; width=&#8221;1\/3&#8243;] [spb_boxed_content type=&#8221;coloured&#8221; box_link_target=&#8221;_self&#8221; padding_vertical=&#8221;0&#8243; padding_horizontal=&#8221;0&#8243; width=&#8221;1\/1&#8243; el_position=&#8221;first last&#8221;]\n<p><strong>Projetos:<\/strong><br \/>\n<a href=\"https:\/\/petuniversal.com\/vale-incubacao\/\">Vale de Incuba\u00e7\u00e3o<\/a> | <a href=\"https:\/\/petuniversal.com\/internacionalizacao\/\">Internacionaliza\u00e7\u00e3o<\/a><\/p>\n[\/spb_boxed_content] [\/spb_column] [spb_column col_animation=&#8221;none&#8221; col_animation_delay=&#8221;0&#8243; col_bg_type=&#8221;cover&#8221; col_parallax_image_movement=&#8221;fixed&#8221; col_parallax_image_speed=&#8221;0.5&#8243; col_padding=&#8221;0&#8243; col_vertical_offset=&#8221;0&#8243; col_horizontal_offset=&#8221;0&#8243; col_custom_zindex=&#8221;0&#8243; col_sm=&#8221;4&#8243; simplified_controls=&#8221;yes&#8221; custom_css_percentage=&#8221;no&#8221; padding_vertical=&#8221;400&#8243; padding_horizontal=&#8221;0&#8243; margin_vertical=&#8221;20&#8243; custom_css=&#8221;margin-top: 20px;margin-bottom: 20px;&#8221; border_styling_global=&#8221;default&#8221; width=&#8221;1\/3&#8243; el_position=&#8221;last&#8221;] [spb_boxed_content type=&#8221;coloured&#8221; box_link_target=&#8221;_self&#8221; padding_vertical=&#8221;0&#8243; padding_horizontal=&#8221;0&#8243; width=&#8221;1\/1&#8243; el_position=&#8221;first last&#8221;]\n<div style=\"text-align: center;\"><ul class=\"social-icons standard \">\n<li class=\"twitter\"><a href=\"http:\/\/www.twitter.com\/@Pet_universal\" target=\"_blank\"><i class=\"fab fa-twitter\"><\/i><i class=\"fab fa-twitter\"><\/i><\/a><\/li>\n<li class=\"facebook\"><a href=\"https:\/\/facebook.com\/petuniversal\/\" target=\"_blank\"><i class=\"fab fa-facebook\"><\/i><i class=\"fab fa-facebook\"><\/i><\/a><\/li>\n<li class=\"youtube\"><a href=\"https:\/\/youtube.com\/channel\/UCFU8pk2Vw8Any55utFLkmKQ\" target=\"_blank\"><i class=\"fab fa-youtube\"><\/i><i class=\"fab fa-youtube\"><\/i><\/a><\/li>\n<li class=\"linkedin\"><a href=\"https:\/\/linkedin.com\/company\/pet-universal\/\" target=\"_blank\"><i class=\"fab fa-linkedin\"><\/i><i class=\"fab fa-linkedin\"><\/i><\/a><\/li>\n<\/ul>\n<\/div>\n[\/spb_boxed_content] [\/spb_column] [\/spb_row]\n","protected":false},"excerpt":{"rendered":"<p>[spb_row element_name=&#8221;Row&#8221; wrap_type=&#8221;standard-width&#8221; row_bg_type=&#8221;color&#8221; color_row_height=&#8221;content-height&#8221; bg_type=&#8221;cover&#8221; parallax_image_height=&#8221;content-height&#8221; parallax_image_movement=&#8221;fixed&#8221; parallax_image_speed=&#8221;standard&#8221; bg_video_loop=&#8221;yes&#8221; parallax_video_height=&#8221;window-height&#8221; row_top_style=&#8221;none&#8221; row_bottom_style=&#8221;none&#8221; parallax_video_overlay=&#8221;none&#8221; row_overlay_opacity=&#8221;0&#8243; remove_element_spacing=&#8221;no&#8221; row_col_spacing=&#8221;0&#8243; row_col_pos=&#8221;default&#8221; row_col_equal_heights=&#8221;no&#8221; row_expanding=&#8221;no&#8221; row_animation=&#8221;none&#8221; row_animation_delay=&#8221;0&#8243; minimize_row=&#8221;yes&#8221; simplified_controls=&#8221;yes&#8221; custom_css_percentage=&#8221;no&#8221; custom_css=&#8221;margin-top: 20px;margin-bottom: 20px;&#8221; border_styling_global=&#8221;default&#8221; width=&#8221;1\/1&#8243; el_position=&#8221;first last&#8221;] [spb_image_banner image=&#8221;1418&#8243; image_size=&#8221;full&#8221; content_pos=&#8221;left&#8221; content_textalign=&#8221;left&#8221; animation=&#8221;none&#8221; animation_delay=&#8221;200&#8243; link_target=&#8221;_self&#8221; width=&#8221;1\/1&#8243; el_position=&#8221;first last&#8221;][\/spb_image_banner] [\/spb_row] [spb_row element_name=&#8221;Row&#8221; wrap_type=&#8221;content-width&#8221; parallax_image_height=&#8221;content-height&#8221; parallax_image_movement=&#8221;fixed&#8221; parallax_image_speed=&#8221;0.5&#8243; bg_video_loop=&#8221;yes&#8221; parallax_video_height=&#8221;window-height&#8221; parallax_video_overlay=&#8221;none&#8221; row_overlay_opacity=&#8221;0&#8243; row_col_pos=&#8221;default&#8221; minimize_row=&#8221;yes&#8221; width=&#8221;1\/1&#8243; el_position=&#8221;first last&#8221;] [spb_column [&hellip;]<\/p>\n","protected":false},"author":3,"featured_media":0,"parent":0,"menu_order":0,"comment_status":"closed","ping_status":"closed","template":"","meta":{"content-type":"","footnotes":""},"_links":{"self":[{"href":"https:\/\/petuniversal.com\/pt-pt\/wp-json\/wp\/v2\/pages\/16340"}],"collection":[{"href":"https:\/\/petuniversal.com\/pt-pt\/wp-json\/wp\/v2\/pages"}],"about":[{"href":"https:\/\/petuniversal.com\/pt-pt\/wp-json\/wp\/v2\/types\/page"}],"author":[{"embeddable":true,"href":"https:\/\/petuniversal.com\/pt-pt\/wp-json\/wp\/v2\/users\/3"}],"replies":[{"embeddable":true,"href":"https:\/\/petuniversal.com\/pt-pt\/wp-json\/wp\/v2\/comments?post=16340"}],"version-history":[{"count":10,"href":"https:\/\/petuniversal.com\/pt-pt\/wp-json\/wp\/v2\/pages\/16340\/revisions"}],"predecessor-version":[{"id":16388,"href":"https:\/\/petuniversal.com\/pt-pt\/wp-json\/wp\/v2\/pages\/16340\/revisions\/16388"}],"wp:attachment":[{"href":"https:\/\/petuniversal.com\/pt-pt\/wp-json\/wp\/v2\/media?parent=16340"}],"curies":[{"name":"wp","href":"https:\/\/api.w.org\/{rel}","templated":true}]}}